{"id":1455,"date":"2026-02-18T19:20:45","date_gmt":"2026-02-18T19:20:45","guid":{"rendered":"https:\/\/gictess.com\/?page_id=1455"},"modified":"2026-03-27T13:05:27","modified_gmt":"2026-03-27T13:05:27","slug":"services-2","status":"publish","type":"page","link":"https:\/\/gictess.com\/?page_id=1455","title":{"rendered":"Services"},"content":{"rendered":"\n<div class=\"wp-block-uagb-container uagb-block-cuvr2fbg alignfull uagb-is-root-container\">\n<div class=\"wp-block-uagb-info-box uagb-block-ctxaubtj uagb-infobox__content-wrap  uagb-infobox-icon-above-title uagb-infobox-image-valign-top\"><div class=\"uagb-ifb-content\"><div class=\"uagb-ifb-title-wrap\"><h2 class=\"uagb-ifb-title\">GROUPE INTERNATIONAL DE CONSTRUCTION DE TECHNOLOGIE ET D&rsquo;\u00c9TUDES STRAT\u00c9GIQUES AU SAHEL<\/h2><\/div><p class=\"uagb-ifb-desc\"><strong>Une Expertise Multidisciplinaire \u00e0 Votre Service<\/strong><br>GICTESS vous accompagne sur l&rsquo;ensemble de la cha\u00eene de valeur de vos projets, de l&rsquo;\u00e9tude strat\u00e9gique \u00e0 la r\u00e9alisation technique, en passant par la formation et l&rsquo;accompagnement technologique.<\/p><\/div><\/div>\n\n\n\n<div class=\"wp-block-uagb-container uagb-block-1881347f\">\n<div class=\"wp-block-uagb-info-box uagb-block-7789120c uagb-infobox__content-wrap  uagb-infobox-icon-above-title uagb-infobox-image-valign-top\"><div class=\"uagb-ifb-content\"><div class=\"uagb-ifb-title-wrap\"><h3 class=\"uagb-ifb-title\">\u00c9tudes &amp; Conseil<\/h3><\/div><p class=\"uagb-ifb-desc\">Ce p\u00f4le constitue le c\u0153ur intellectuel du groupe, fournissant des <strong>prestations de conseil et d&rsquo;expertise technique<\/strong> de haut niveau. Ses interventions incluent :<br><strong>\u2713 L&rsquo;audit multidisciplinaire :<\/strong> Comptable, financier, organisationnel, informatique et qualit\u00e9.<br><strong><strong>\u2713 <\/strong>Les \u00e9tudes strat\u00e9giques :<\/strong> \u00c9tudes de faisabilit\u00e9, \u00c9tudes de march\u00e9, <strong>Benchmarking<\/strong>, <strong>Business Plans<\/strong>, \u00e9tudes d&rsquo;impact environnemental et social <strong>EIES<\/strong>, Enqu\u00eates de perception, satisfaction et impact et mod\u00e9lisation \u00e9conomique.<br><strong><strong>\u2713 <\/strong>L&rsquo;Assistance \u00e0 Ma\u00eetrise d\u2019Ouvrage (AMO) :<\/strong> Conseil strat\u00e9gique, Accompagnement des institutions et ONG dans le pilotage de projets complexes, de la conception au suivi-\u00e9valuation.<br><strong><strong>\u2713 <\/strong>Expertise &amp; Assistance : Manuel de proc\u00e9dures<\/strong>, Restructuration, <strong>Assistance au recrutement, <\/strong>Assistance juridique et <strong>gestion de contentieux \/ crise<\/strong><br><strong><strong>\u2713 <\/strong>La transformation num\u00e9rique :<\/strong> Conseil en syst\u00e8mes d&rsquo;information et int\u00e9gration de solutions technologiques.<\/p><\/div><\/div>\n\n\n\n<div class=\"wp-block-uagb-buttons uagb-buttons__outer-wrap uagb-btn__default-btn uagb-btn-tablet__default-btn uagb-btn-mobile__default-btn uagb-block-6167758f\"><div class=\"uagb-buttons__wrap uagb-buttons-layout-wrap \">\n<div class=\"wp-block-uagb-buttons-child uagb-buttons__outer-wrap uagb-block-cddc6a20 wp-block-button\"><div class=\"uagb-button__wrapper\"><a class=\"uagb-buttons-repeater wp-block-button__link\" aria-label=\"\" href=\"#\" rel=\"follow noopener\" target=\"_self\" role=\"button\"><div class=\"uagb-button__link\">Read More<\/div><span class=\"uagb-button__icon uagb-button__icon-position-after\"><svg xmlns=\"https:\/\/www.w3.org\/2000\/svg\" viewBox=\"0 0 320 512\" aria-hidden=\"true\" focussable=\"false\"><path d=\"M96 480c-8.188 0-16.38-3.125-22.62-9.375c-12.5-12.5-12.5-32.75 0-45.25L242.8 256L73.38 86.63c-12.5-12.5-12.5-32.75 0-45.25s32.75-12.5 45.25 0l192 192c12.5 12.5 12.5 32.75 0 45.25l-192 192C112.4 476.9 104.2 480 96 480z\"><\/path><\/svg><\/span><\/a><\/div><\/div>\n<\/div><\/div>\n<\/div>\n\n\n\n<div class=\"wp-block-uagb-container uagb-layout-grid uagb-block-gu2on9gd\">\n<div class=\"wp-block-uagb-container uagb-block-x7nmf2hg\">\n<div class=\"wp-block-uagb-info-box uagb-block-m5wzifcx uagb-infobox__content-wrap  uagb-infobox-icon-above-title uagb-infobox-image-valign-top\"><div class=\"uagb-ifb-content\"><div class=\"uagb-ifb-title-wrap\"><h3 class=\"uagb-ifb-title\">\ud83c\udfd7\ufe0f <br>Construction &amp; Infrastructure<br>(GICTESS Travaux)<\/h3><\/div><p class=\"uagb-ifb-desc\"><strong>\u2713 Architecture :<\/strong> Lev\u00e9es topographiques et m\u00e9tr\u00e9s, Dimensionnement des structures, Plans d\u2019ex\u00e9cution<br><strong>\u2713 Ma\u00eetrise d&rsquo;\u0153uvre :<\/strong> Conception et suivi de chantiers<br><strong><strong>\u2713 <\/strong>Infrastructures lourdes :<\/strong> <strong>Construction<\/strong> et <strong>r\u00e9novation<\/strong> de routes, ponts et b\u00e2timents publics ou priv\u00e9s, <strong>Surveillance\/maintien<\/strong> d\u2019infrastructures.<br><strong>\u2713 Supervision technique :<\/strong> Contr\u00f4le qualit\u00e9 et conformit\u00e9<br><strong>\u2713 Gestion de projet :<\/strong> Planning, budget, ressources<br><strong>\u2713 Am\u00e9nagements hydro-agricoles :<\/strong> Conception de syst\u00e8mes d&rsquo;irrigation, SHVA, de forages et de diagnostic agraire pour soutenir la  souverainet\u00e9 alimentaire.<br><strong>\u2713 Am\u00e9nagements<\/strong> <strong>civils <\/strong>: Am\u00e9nagements, curage de caniveaux &amp; terrassements<br><strong>\u2713 \u00c9nergie durable : <\/strong>Production, installation et maintenance de syst\u00e8mes d&rsquo;\u00e9nergie solaire et thermique.<br><strong>\u2713 \u00c9tudes de faisabilit\u00e9 :<\/strong> Viabilit\u00e9 technique et \u00e9conomique<br><strong>\u2713 S\u00e9curit\u00e9 chantier :<\/strong> Normes HSE et pr\u00e9vention des risques<\/p><\/div><\/div>\n<\/div>\n\n\n\n<div class=\"wp-block-uagb-container uagb-block-91b809d8\">\n<div class=\"wp-block-uagb-info-box uagb-block-ec3fce5a uagb-infobox__content-wrap  uagb-infobox-icon-above-title uagb-infobox-image-valign-top\"><div class=\"uagb-ifb-content\"><div class=\"uagb-ifb-title-wrap\"><h3 class=\"uagb-ifb-title\">\ud83c\udf3e  <br>Supply Chain<br>(<strong>GICTESS Commerce G\u00e9n\u00e9ral<\/strong>)<\/h3><\/div><p class=\"uagb-ifb-desc\"><strong>\u2713 Fourniture de mat\u00e9riels vari\u00e9s :<\/strong> \u00c9quipements informatiques, Solutions logicielles comptables &amp; financiers, quincaillerie industrielle, mat\u00e9riel de s\u00e9curit\u00e9 &amp; protection, mat\u00e9riel m\u00e9dical et v\u00e9hicules lourds.<br><br><strong>\u2713 Des solutions logistiques cl\u00e9-en-main :<\/strong> Containers am\u00e9nag\u00e9s &amp; gestion de bases-vie pour les secteurs miniers et industriels, maintenance d\u2019\u00e9quipements informatiques ou industriels.<br><br><strong>\u2713 La ma\u00eetrise des appels d&rsquo;offres :<\/strong> Une expertise reconnue dans la gestion des dossiers complexes de fourniture et une capacit\u00e9 de livraison express.<\/p><\/div><\/div>\n<\/div>\n\n\n\n<div class=\"wp-block-uagb-container uagb-block-d297f24d\">\n<div class=\"wp-block-uagb-info-box uagb-block-0009d7c4 uagb-infobox__content-wrap  uagb-infobox-icon-above-title uagb-infobox-image-valign-top\"><div class=\"uagb-ifb-content\"><div class=\"uagb-ifb-title-wrap\"><h3 class=\"uagb-ifb-title\">\ud83c\udf93   <br>Transferts de comp\u00e9tences et Formation Professionnelle (<strong>IFP-GICTESS<\/strong>)<\/h3><\/div><p class=\"uagb-ifb-desc\">L&rsquo;Institut de Formation Professionnelle se concentre sur le d\u00e9veloppement du capital humain. Il intervient dans :<br><strong>\u2713 L&rsquo;ing\u00e9nierie p\u00e9dagogique :<\/strong> Conception de modules de formation sur mesure pour les cadres, techniciens et formateurs.<br><strong>\u2713 Le renforcement de capacit\u00e9s :<\/strong> Formations qualifiantes en gouvernance, gestion, s\u00e9curit\u00e9, BTP, m\u00e9tiers des mines et nouvelles technologies (IA, robotique, codage, etc.)<br><strong>\u2713 Ateliers pratiques :<\/strong> Mises en situation r\u00e9elles<br><strong>\u2713 Coaching et mentoring :<\/strong> Accompagnement individuel<br><strong><strong>\u2713 <\/strong>L&#8217;employabilit\u00e9 :<\/strong> Accompagnement des jeunes et des adultes vers l&rsquo;insertion professionnelle dans les fili\u00e8res porteuses, organisation de sessions et ateliers th\u00e9matiques.<\/p><\/div><\/div>\n<\/div>\n\n\n\n<div class=\"wp-block-uagb-container uagb-block-30062ef3\">\n<div class=\"wp-block-uagb-info-box uagb-block-a3c6bcf5 uagb-infobox__content-wrap  uagb-infobox-icon-above-title uagb-infobox-image-valign-top\"><div class=\"uagb-ifb-content\"><div class=\"uagb-ifb-title-wrap\"><h3 class=\"uagb-ifb-title\">\ud83d\ude80    <br>Transit (<strong>GICTESS Transit<\/strong>)<\/h3><\/div><p class=\"uagb-ifb-desc\">Ce p\u00f4le assure la fluidit\u00e9 des \u00e9changes commerciaux internationaux pour le compte des clients du groupe.<br>Ses services comprennent :<br><strong><strong>\u2713 <\/strong>Le transport multimodal :<\/strong> Fret terrestre, maritime et a\u00e9rien.<br><strong><strong>\u2713 <\/strong>Convoiement terrestre sous-r\u00e9gional :<\/strong> <strong>vivres &amp; c\u00e9r\u00e9ales<\/strong> pour la s\u00e9curit\u00e9 alimentaire, <strong>hydrocarbures<\/strong>, <strong>mat\u00e9riels sp\u00e9cifiques<\/strong> (lourds, volumineux, fragiles, dangereux)<br><strong><strong><strong>\u2713 <\/strong><\/strong>Le d\u00e9douanement :<\/strong> Gestion compl\u00e8te des op\u00e9rations portuaires et des proc\u00e9dures de douane import-export.<br><strong><strong>\u2713 <\/strong>Le suivi logistique :<\/strong> Tra\u00e7abilit\u00e9 et suivi des marchandises en temps r\u00e9el pour r\u00e9duire les d\u00e9lais et les co\u00fbts.<\/p><\/div><\/div>\n<\/div>\n\n\n\n<div class=\"wp-block-uagb-container uagb-block-0b97d146\">\n<div class=\"wp-block-uagb-info-box uagb-block-c62006e7 uagb-infobox__content-wrap  uagb-infobox-icon-above-title uagb-infobox-image-valign-top\"><div class=\"uagb-ifb-content\"><div class=\"uagb-ifb-title-wrap\"><h3 class=\"uagb-ifb-title\">\ud83d\udee1\ufe0f     <br>S\u00e9curit\u00e9 (<strong>PROSURVIE<\/strong>)<\/h3><\/div><p class=\"uagb-ifb-desc\"><br>Soci\u00e9t\u00e9 de s\u00e9curit\u00e9 priv\u00e9e sp\u00e9cialis\u00e9e, elle assure la protection souveraine des personnes, des biens et des sites sensibles. Ses missions phares sont :<br><strong><strong>\u2713 <\/strong>Surveillance et gardiennage :<\/strong> S\u00e9curisation 24h\/24 de sites industriels et d&rsquo;institutions publiques, Surveillance de Sites Sensibles, Protection des Infrastructures<br><strong>\u2713 Vid\u00e9o-surveillance intelligente :<\/strong> D\u00e9tection automatique<br><strong>\u2713 Patrouilles par drones :<\/strong> Surveillance autonome<br><strong>\u2713 Protection p\u00e9rim\u00e9trique :<\/strong> Capteurs et alertes<br><strong>\u2713 Analyse de menaces :<\/strong> Renseignement et pr\u00e9vention<br><strong><strong>\u2713 <\/strong>Protection rapproch\u00e9e :<\/strong> Escorte de VIP et accompagnement s\u00e9curitaire lors d&rsquo;\u00e9v\u00e9nements \u00e0 forte exposition.<br><strong><strong>\u2713 <\/strong>Transport s\u00e9curis\u00e9 :<\/strong> Convoyage de fonds, de minerais et de mat\u00e9riels strat\u00e9giques.<br><strong><strong>\u2713 <\/strong>Audit de s\u00fbret\u00e9 :<\/strong> Analyse proactive des risques et mise en place d&rsquo;unit\u00e9s d&rsquo;intervention rapide.<br><\/p><\/div><\/div>\n<\/div>\n\n\n\n<div class=\"wp-block-uagb-container uagb-block-295dd305\">\n<div class=\"wp-block-uagb-info-box uagb-block-8bae350c uagb-infobox__content-wrap  uagb-infobox-icon-above-title uagb-infobox-image-valign-top\"><div class=\"uagb-ifb-content\"><div class=\"uagb-ifb-title-wrap\"><h3 class=\"uagb-ifb-title\"><img decoding=\"async\" width=\"128\" height=\"128\" class=\"wp-image-1521\" style=\"width: 128px;\" src=\"https:\/\/gictess.com\/wp-content\/uploads\/2026\/03\/mining_9109934-e1774614622806.png\" alt=\"\"> Mines et \u00c9nergie (<strong>DAOUNA MINING<\/strong>)<\/h3><\/div><p class=\"uagb-ifb-desc\">Soci\u00e9t\u00e9 priv\u00e9e sp\u00e9cialis\u00e9e dans l&rsquo;<strong>exploration<\/strong>, la <strong>recherche<\/strong>, l&rsquo;<strong>exploitation<\/strong>, la <strong>transformation<\/strong> mini\u00e8re, et la <strong>production d&rsquo;\u00e9nergie<\/strong>. Ses comp\u00e9tences techniques et op\u00e9rationnelles sont :<br><strong><strong>\u2713 <\/strong>EXPLORATION :<\/strong> <strong>G\u00e9ologie et prospection<\/strong> | Ma\u00eetrise des techniques d&rsquo;exploration, forage et analyse g\u00e9ologique<br><strong>\u2713 RECHERCHE :<\/strong> <strong>\u00c9tudes de faisabilit\u00e9<\/strong> | Capacit\u00e9 \u00e0 r\u00e9aliser des \u00e9tudes techniques et \u00e9conomiques compl\u00e8tes, dont \u00c9tude d&rsquo;Impact Environnemental et Social (EIES)<br><strong>\u2713 EXPLOITATION :<\/strong> <strong>Technologies d&rsquo;extraction<\/strong> | Expertise dans les m\u00e9thodes d&rsquo;extraction adapt\u00e9es aux substances du Groupe 2 (or, lithium, etc.)<br><strong>\u2713 TRANSFORMATION :<\/strong> <strong>Traitement des minerais<\/strong> | Connaissance des processus de transformation et de raffinage<br><strong>\u2713 GESTION DES DECHETS<\/strong><br><strong>\u2713 R\u00c9HABILITATION DE SITES :<\/strong> Conception du plan de fermeture et ex\u00e9cution de la restauration obligatoire<br><br><strong>\u2713 CONFORMIT\u00c9 AUX OBLIGATIONS L\u00c9GALES :<\/strong><br>    <strong>&#8211;<\/strong> D\u00e9monstration des <strong>capacit\u00e9s financi\u00e8res n\u00e9cessaires<\/strong><br>    <strong>&#8211;<\/strong> \ud83d\udc65 <strong>Contenu Local<\/strong> : Recrutement prioritaire des Maliens qualifi\u00e9s<br>    <strong>&#8211; <\/strong>\ud83c\udf0d <strong>Respect des obligations environnementales et sociales<\/strong> par la mise en oeuvre du plan de gestion environnementale<br>    <strong>&#8211;<\/strong> <strong>Transfert de comp\u00e9tences<\/strong> et de technologie<br>    <strong>&#8211; Programmes de formation<\/strong> pour le personnel local<br>    <strong>&#8211; Obligation de sourcer 60 \u00e0 80%<\/strong> de tous les biens et services aupr\u00e8s de sous-traitants maliens<br><\/p><\/div><\/div>\n<\/div>\n<\/div>\n<\/div>\n\n\n\n<p><\/p>\n","protected":false},"excerpt":{"rendered":"","protected":false},"author":5,"featured_media":0,"parent":0,"menu_order":0,"comment_status":"closed","ping_status":"closed","template":"","meta":{"om_disable_all_campaigns":false,"_uag_custom_page_level_css":"","_monsterinsights_skip_tracking":false,"_monsterinsights_sitenote_active":false,"_monsterinsights_sitenote_note":"","_monsterinsights_sitenote_category":0,"site-sidebar-layout":"default","site-content-layout":"","ast-site-content-layout":"default","site-content-style":"default","site-sidebar-style":"default","ast-global-header-display":"","ast-banner-title-visibility":"","ast-main-header-display":"","ast-hfb-above-header-display":"","ast-hfb-below-header-display":"","ast-hfb-mobile-header-display":"","site-post-title":"","ast-breadcrumbs-content":"","ast-featured-img":"","footer-sml-layout":"","ast-disable-related-posts":"","theme-transparent-header-meta":"","adv-header-id-meta":"","stick-header-meta":"","header-above-stick-meta":"","header-main-stick-meta":"","header-below-stick-meta":"","astra-migrate-meta-layouts":"set","ast-page-background-enabled":"default","ast-page-background-meta":{"desktop":{"background-color":"var(--ast-global-color-4)","background-image":"","background-repeat":"repeat","background-position":"center center","background-size":"auto","background-attachment":"scroll","background-type":"","background-media":"","overlay-type":"","overlay-color":"","overlay-opacity":"","overlay-gradient":""},"tablet":{"background-color":"","background-image":"","background-repeat":"repeat","background-position":"center center","background-size":"auto","background-attachment":"scroll","background-type":"","background-media":"","overlay-type":"","overlay-color":"","overlay-opacity":"","overlay-gradient":""},"mobile":{"background-color":"","background-image":"","background-repeat":"repeat","background-position":"center center","background-size":"auto","background-attachment":"scroll","background-type":"","background-media":"","overlay-type":"","overlay-color":"","overlay-opacity":"","overlay-gradient":""}},"ast-content-background-meta":{"desktop":{"background-color":"var(--ast-global-color-5)","background-image":"","background-repeat":"repeat","background-position":"center center","background-size":"auto","background-attachment":"scroll","background-type":"","background-media":"","overlay-type":"","overlay-color":"","overlay-opacity":"","overlay-gradient":""},"tablet":{"background-color":"var(--ast-global-color-5)","background-image":"","background-repeat":"repeat","background-position":"center center","background-size":"auto","background-attachment":"scroll","background-type":"","background-media":"","overlay-type":"","overlay-color":"","overlay-opacity":"","overlay-gradient":""},"mobile":{"background-color":"var(--ast-global-color-5)","background-image":"","background-repeat":"repeat","background-position":"center center","background-size":"auto","background-attachment":"scroll","background-type":"","background-media":"","overlay-type":"","overlay-color":"","overlay-opacity":"","overlay-gradient":""}},"footnotes":""},"class_list":["post-1455","page","type-page","status-publish","hentry"],"uagb_featured_image_src":{"full":false,"thumbnail":false,"medium":false,"medium_large":false,"large":false,"1536x1536":false,"2048x2048":false},"uagb_author_info":{"display_name":"Jarvis GICTESS","author_link":"https:\/\/gictess.com\/?author=5"},"uagb_comment_info":0,"uagb_excerpt":null,"_links":{"self":[{"href":"https:\/\/gictess.com\/index.php?rest_route=\/wp\/v2\/pages\/1455","targetHints":{"allow":["GET"]}}],"collection":[{"href":"https:\/\/gictess.com\/index.php?rest_route=\/wp\/v2\/pages"}],"about":[{"href":"https:\/\/gictess.com\/index.php?rest_route=\/wp\/v2\/types\/page"}],"author":[{"embeddable":true,"href":"https:\/\/gictess.com\/index.php?rest_route=\/wp\/v2\/users\/5"}],"replies":[{"embeddable":true,"href":"https:\/\/gictess.com\/index.php?rest_route=%2Fwp%2Fv2%2Fcomments&post=1455"}],"version-history":[{"count":5,"href":"https:\/\/gictess.com\/index.php?rest_route=\/wp\/v2\/pages\/1455\/revisions"}],"predecessor-version":[{"id":1522,"href":"https:\/\/gictess.com\/index.php?rest_route=\/wp\/v2\/pages\/1455\/revisions\/1522"}],"wp:attachment":[{"href":"https:\/\/gictess.com\/index.php?rest_route=%2Fwp%2Fv2%2Fmedia&parent=1455"}],"curies":[{"name":"wp","href":"https:\/\/api.w.org\/{rel}","templated":true}]}}