{"id":1453,"date":"2026-02-18T19:16:31","date_gmt":"2026-02-18T19:16:31","guid":{"rendered":"https:\/\/gictess.com\/?page_id=1453"},"modified":"2026-03-24T19:06:52","modified_gmt":"2026-03-24T19:06:52","slug":"a-propos","status":"publish","type":"page","link":"https:\/\/gictess.com\/?page_id=1453","title":{"rendered":"\u00c0 Propos"},"content":{"rendered":"\n<p>Notre Mission \u2022 Notre Vision \u2022 Notre \u00c9quipe<br><br>Bienvenue au <strong>Groupe International de Construction de Technologie et d\u2019\u00c9tude Strat\u00e9gique au Sahel<\/strong> <strong>(GICTESS)<\/strong>. Le groupe d\u00e9ploie ses activit\u00e9s \u00e0 travers six p\u00f4les sp\u00e9cialis\u00e9s qui agissent en synergie pour couvrir les besoins strat\u00e9giques et op\u00e9rationnels au Sahel.<br><br>GICTESS s&rsquo;engage \u00e0 \u00eatre un catalyseur de transformation \u00e9conomique et sociale au Mali. Nous croyons en un d\u00e9veloppement durable qui int\u00e8gre :<br>\u2713 L&rsquo;innovation technologique comme levier de progr\u00e8s<br>\u2713 La souverainet\u00e9 nationale dans les projets strat\u00e9giques<br>\u2713 Les partenariats gagnant-gagnant avec tous les acteurs<br>\u2713 L&rsquo;expertise locale combin\u00e9e aux meilleures pratiques internationales<br>\u2713 La transparence \u2014 Nous agissons avec int\u00e9grit\u00e9 et reddition de comptes<\/p>\n\n\n\n<figure class=\"wp-block-image size-full\"><img fetchpriority=\"high\" decoding=\"async\" width=\"1166\" height=\"471\" src=\"https:\/\/gictess.com\/wp-content\/uploads\/2026\/03\/oranigramme-GICTESS.png\" alt=\"\" class=\"wp-image-1494\" srcset=\"https:\/\/gictess.com\/wp-content\/uploads\/2026\/03\/oranigramme-GICTESS.png 1166w, https:\/\/gictess.com\/wp-content\/uploads\/2026\/03\/oranigramme-GICTESS-300x121.png 300w, https:\/\/gictess.com\/wp-content\/uploads\/2026\/03\/oranigramme-GICTESS-1024x414.png 1024w, https:\/\/gictess.com\/wp-content\/uploads\/2026\/03\/oranigramme-GICTESS-768x310.png 768w\" sizes=\"(max-width: 1166px) 100vw, 1166px\" \/><\/figure>\n\n\n\n<blockquote class=\"wp-block-quote has-text-align-center is-layout-flow wp-block-quote-is-layout-flow\">\n<p><strong><em>L&rsquo;Excellence est un Credo<\/em><\/strong><\/p>\n<\/blockquote>\n\n\n\n<ol class=\"wp-block-list\">\n<li><strong><em>Prestation Intellectuelle<\/em><\/strong><br>GICTESS centralise une expertise de haut niveau n\u00e9cessaire pour naviguer dans l&rsquo;\u00e9cosyst\u00e8me complexe du Sahel.\n<ul class=\"wp-block-list\">\n<li><strong>Analyse Strat\u00e9gique :<\/strong> GICTESS d\u00e9tient les capacit\u00e9s d&rsquo;analyse g\u00e9opolitique, sociologique et \u00e9conomique indispensable \u00e0 la prise de d\u00e9cision.<\/li>\n\n\n\n<li><strong>Garant de la M\u00e9thodologie :<\/strong> Il impose des normes internationales et une rigueur m\u00e9thodologique stricte pour l&rsquo;ensemble des audits et \u00e9tudes produits par le cabinet.<\/li>\n\n\n\n<li><strong>R\u00e9seau d&rsquo;Experts :<\/strong> Il g\u00e8re un pool multidisciplinaire de 25 salari\u00e9s permanents et de nombreux consultants ind\u00e9pendants, partageant ces comp\u00e9tences entre les diff\u00e9rents p\u00f4les (BTP, S\u00e9curit\u00e9, Transit).<br><br><\/li>\n<\/ul>\n<\/li>\n\n\n\n<li><strong><em>Assistance \u00e0 Ma\u00eetrise d\u2019Ouvrage (AMOA)<\/em><\/strong><br>Il se positionne comme l&rsquo;interlocuteur privil\u00e9gi\u00e9 pour le pilotage de projets complexes.\n<ul class=\"wp-block-list\">\n<li><strong>Accompagnement de bout en bout :<\/strong> Il accompagne les clients (ONG, entreprises priv\u00e9es, secteur public) de la phase de conception au suivi-\u00e9valuation.<\/li>\n\n\n\n<li><strong>Expertise Multidisciplinaire :<\/strong> Il mobilise conjointement les ressources des p\u00f4les BTP, S\u00e9curit\u00e9 et Conseil pour offrir des solutions cl\u00e9 en main et s\u00e9curis\u00e9es.<\/li>\n\n\n\n<li><strong>Aide \u00e0 la D\u00e9cision :<\/strong> Il agit comme une \u00ab\u00a0boussole de haute pr\u00e9cision\u00a0\u00bb, permettant aux d\u00e9cideurs de minimiser les risques dans un environnement instable.<br><br><\/li>\n<\/ul>\n<\/li>\n\n\n\n<li><strong><em>Gestion des Op\u00e9rations et Coordination (Direction des Op\u00e9rations)<\/em><\/strong><br>Il d\u00e9finit la trajectoire et veille \u00e0 ce que chaque filiale travaille en synergie vers les m\u00eames objectifs.\n<ul class=\"wp-block-list\">\n<li><strong>Vision Strat\u00e9gique :<\/strong> Il d\u00e9finit les priorit\u00e9s op\u00e9rationnelles et les objectifs annuels du groupe.<\/li>\n\n\n\n<li><strong>Coordination Institutionnelle :<\/strong> Il assure la repr\u00e9sentation du groupe aupr\u00e8s des institutions publiques et des grands partenaires internationaux.<\/li>\n\n\n\n<li><strong>Reporting Unifi\u00e9 :<\/strong> Il centralise les remont\u00e9es d\u2019informations pour assurer une coh\u00e9rence globale des activit\u00e9s.<br><br><\/li>\n<\/ul>\n<\/li>\n\n\n\n<li><strong><em>Administration et Gestion Centralis\u00e9es (DAF\/DRH)<\/em><\/strong><br>Il assure la solidit\u00e9 structurelle du groupe en g\u00e9rant les fonctions supports pour toutes les filiales.\n<ul class=\"wp-block-list\">\n<li><strong>Pilotage Financier :<\/strong> Il \u00e9labore les budgets, contr\u00f4le les co\u00fbts op\u00e9rationnels et r\u00e9alise les audits internes pour garantir la transparence.<\/li>\n\n\n\n<li><strong>Ressources Humaines :<\/strong> Le Core centralise le recrutement et assure le d\u00e9veloppement professionnel, notamment par la formation de formateurs pour les filiales.<\/li>\n\n\n\n<li><strong>Conformit\u00e9 Juridique :<\/strong> Il veille \u00e0 la gestion des contrats et au respect de la conformit\u00e9 r\u00e9glementaire dans tous les pays d&rsquo;op\u00e9ration.<\/li>\n\n\n\n<li><strong>Gestion de la cha\u00eene d&rsquo;approvisionnement et n\u00e9goce international :<\/strong>\n<ul class=\"wp-block-list\">\n<li><strong>La fourniture de mat\u00e9riels vari\u00e9s :<\/strong> \u00c9quipements informatiques, Solutions logicielles comptables &amp; financiers, quincaillerie industrielle, mat\u00e9riel de s\u00e9curit\u00e9 &amp; protection, mat\u00e9riel m\u00e9dical et v\u00e9hicules lourds.<\/li>\n\n\n\n<li><strong>Des solutions logistiques<\/strong><strong> cl\u00e9-en-main<\/strong><strong> :<\/strong> Containers am\u00e9nag\u00e9s &amp; gestion de bases-vie pour les secteurs miniers et industriels, maintenance d\u2019\u00e9quipements informatiques ou industriels.<\/li>\n\n\n\n<li><strong>La ma\u00eetrise des appels d&rsquo;offres :<\/strong> Une expertise reconnue dans la gestion des dossiers complexes de fourniture et une capacit\u00e9 de livraison express.<\/li>\n<\/ul>\n<\/li>\n<\/ul>\n<\/li>\n<\/ol>\n\n\n\n<p><\/p>\n","protected":false},"excerpt":{"rendered":"<p>Notre Mission \u2022 Notre Vision \u2022 Notre \u00c9quipe Bienvenue au Groupe International de Construction de Technologie et d\u2019\u00c9tude Strat\u00e9gique au Sahel (GICTESS). Le groupe d\u00e9ploie ses activit\u00e9s \u00e0 travers six p\u00f4les sp\u00e9cialis\u00e9s qui agissent en synergie pour couvrir les besoins strat\u00e9giques et op\u00e9rationnels au Sahel. GICTESS s&rsquo;engage \u00e0 \u00eatre un catalyseur de transformation \u00e9conomique et [&hellip;]<\/p>\n","protected":false},"author":5,"featured_media":0,"parent":0,"menu_order":0,"comment_status":"closed","ping_status":"closed","template":"","meta":{"om_disable_all_campaigns":false,"_uag_custom_page_level_css":"","_monsterinsights_skip_tracking":false,"_monsterinsights_sitenote_active":false,"_monsterinsights_sitenote_note":"","_monsterinsights_sitenote_category":0,"site-sidebar-layout":"default","site-content-layout":"","ast-site-content-layout":"default","site-content-style":"default","site-sidebar-style":"default","ast-global-header-display":"","ast-banner-title-visibility":"","ast-main-header-display":"","ast-hfb-above-header-display":"","ast-hfb-below-header-display":"","ast-hfb-mobile-header-display":"","site-post-title":"","ast-breadcrumbs-content":"","ast-featured-img":"","footer-sml-layout":"","ast-disable-related-posts":"","theme-transparent-header-meta":"","adv-header-id-meta":"","stick-header-meta":"","header-above-stick-meta":"","header-main-stick-meta":"","header-below-stick-meta":"","astra-migrate-meta-layouts":"set","ast-page-background-enabled":"default","ast-page-background-meta":{"desktop":{"background-color":"var(--ast-global-color-4)","background-image":"","background-repeat":"repeat","background-position":"center center","background-size":"auto","background-attachment":"scroll","background-type":"","background-media":"","overlay-type":"","overlay-color":"","overlay-opacity":"","overlay-gradient":""},"tablet":{"background-color":"","background-image":"","background-repeat":"repeat","background-position":"center center","background-size":"auto","background-attachment":"scroll","background-type":"","background-media":"","overlay-type":"","overlay-color":"","overlay-opacity":"","overlay-gradient":""},"mobile":{"background-color":"","background-image":"","background-repeat":"repeat","background-position":"center center","background-size":"auto","background-attachment":"scroll","background-type":"","background-media":"","overlay-type":"","overlay-color":"","overlay-opacity":"","overlay-gradient":""}},"ast-content-background-meta":{"desktop":{"background-color":"var(--ast-global-color-5)","background-image":"","background-repeat":"repeat","background-position":"center center","background-size":"auto","background-attachment":"scroll","background-type":"","background-media":"","overlay-type":"","overlay-color":"","overlay-opacity":"","overlay-gradient":""},"tablet":{"background-color":"var(--ast-global-color-5)","background-image":"","background-repeat":"repeat","background-position":"center center","background-size":"auto","background-attachment":"scroll","background-type":"","background-media":"","overlay-type":"","overlay-color":"","overlay-opacity":"","overlay-gradient":""},"mobile":{"background-color":"var(--ast-global-color-5)","background-image":"","background-repeat":"repeat","background-position":"center center","background-size":"auto","background-attachment":"scroll","background-type":"","background-media":"","overlay-type":"","overlay-color":"","overlay-opacity":"","overlay-gradient":""}},"footnotes":""},"class_list":["post-1453","page","type-page","status-publish","hentry"],"uagb_featured_image_src":{"full":false,"thumbnail":false,"medium":false,"medium_large":false,"large":false,"1536x1536":false,"2048x2048":false},"uagb_author_info":{"display_name":"Jarvis GICTESS","author_link":"https:\/\/gictess.com\/?author=5"},"uagb_comment_info":0,"uagb_excerpt":"Notre Mission \u2022 Notre Vision \u2022 Notre \u00c9quipe Bienvenue au Groupe International de Construction de Technologie et d\u2019\u00c9tude Strat\u00e9gique au Sahel (GICTESS). Le groupe d\u00e9ploie ses activit\u00e9s \u00e0 travers six p\u00f4les sp\u00e9cialis\u00e9s qui agissent en synergie pour couvrir les besoins strat\u00e9giques et op\u00e9rationnels au Sahel. GICTESS s&rsquo;engage \u00e0 \u00eatre un catalyseur de transformation \u00e9conomique et\u2026","_links":{"self":[{"href":"https:\/\/gictess.com\/index.php?rest_route=\/wp\/v2\/pages\/1453","targetHints":{"allow":["GET"]}}],"collection":[{"href":"https:\/\/gictess.com\/index.php?rest_route=\/wp\/v2\/pages"}],"about":[{"href":"https:\/\/gictess.com\/index.php?rest_route=\/wp\/v2\/types\/page"}],"author":[{"embeddable":true,"href":"https:\/\/gictess.com\/index.php?rest_route=\/wp\/v2\/users\/5"}],"replies":[{"embeddable":true,"href":"https:\/\/gictess.com\/index.php?rest_route=%2Fwp%2Fv2%2Fcomments&post=1453"}],"version-history":[{"count":6,"href":"https:\/\/gictess.com\/index.php?rest_route=\/wp\/v2\/pages\/1453\/revisions"}],"predecessor-version":[{"id":1496,"href":"https:\/\/gictess.com\/index.php?rest_route=\/wp\/v2\/pages\/1453\/revisions\/1496"}],"wp:attachment":[{"href":"https:\/\/gictess.com\/index.php?rest_route=%2Fwp%2Fv2%2Fmedia&parent=1453"}],"curies":[{"name":"wp","href":"https:\/\/api.w.org\/{rel}","templated":true}]}}